{"id":888,"date":"2026-01-27T16:11:18","date_gmt":"2026-01-27T16:11:18","guid":{"rendered":"https:\/\/astrarius.com\/?page_id=888"},"modified":"2026-03-02T13:50:31","modified_gmt":"2026-03-02T13:50:31","slug":"astrarius-solutions","status":"publish","type":"page","link":"https:\/\/astrarius.com\/en\/","title":{"rendered":"Astrarius Solutions"},"content":{"rendered":"<figure class=\"wp-block-image aligncenter size-large is-resized has-custom-border\"><img loading=\"lazy\" decoding=\"async\" width=\"1024\" height=\"683\" src=\"https:\/\/astrarius.com\/wp-content\/uploads\/2026\/01\/2ED38FA8-126E-4099-A945-02203CB54D64-1024x683.png\" alt=\"2ed38fa8 126e 4099 a945 02203cb54d64\" class=\"wp-image-898\" style=\"border-top-left-radius:32px;border-top-right-radius:32px;border-bottom-left-radius:32px;border-bottom-right-radius:32px;aspect-ratio:1;object-fit:cover;width:458px;height:auto\" title=\"Astrarius Solutions\" srcset=\"https:\/\/astrarius.com\/wp-content\/uploads\/2026\/01\/2ED38FA8-126E-4099-A945-02203CB54D64-1024x683.png 1024w, https:\/\/astrarius.com\/wp-content\/uploads\/2026\/01\/2ED38FA8-126E-4099-A945-02203CB54D64-300x200.png 300w, https:\/\/astrarius.com\/wp-content\/uploads\/2026\/01\/2ED38FA8-126E-4099-A945-02203CB54D64-768x512.png 768w, https:\/\/astrarius.com\/wp-content\/uploads\/2026\/01\/2ED38FA8-126E-4099-A945-02203CB54D64-18x12.png 18w, https:\/\/astrarius.com\/wp-content\/uploads\/2026\/01\/2ED38FA8-126E-4099-A945-02203CB54D64.png 1536w\" sizes=\"auto, (max-width: 1024px) 100vw, 1024px\" \/><\/figure>\n\n\n\n<div class=\"wp-block-uagb-container astrarius-solutions uagb-block-5ddf9698 alignfull uagb-is-root-container\"><div class=\"uagb-container-inner-blocks-wrap\">\n<h3 class=\"wp-block-heading has-text-align-center astrarius-solutions has-ast-global-color-3-color has-text-color has-link-color wp-elements-ab286108cb5cefd3951527b3fd65b9f1\">Nos solutions pour AGENCES IMMOBILI\u00e8RES<\/h3>\n<\/div><\/div>\n\n\n\n<div class=\"wp-block-uagb-container uagb-block-a0e759b6 alignfull uagb-is-root-container\"><div class=\"uagb-container-inner-blocks-wrap\">\n<div class=\"wp-block-uagb-container uagb-block-0eac5769\"><\/div>\n\n\n\n<div class=\"wp-block-uagb-container uagb-block-9f1bf97e\"><\/div>\n\n\n\n<div class=\"wp-block-uagb-container uagb-block-99576e15\"><\/div>\n<\/div><\/div>\n\n\n\n<div class=\"wp-block-uagb-container uagb-block-db8386c3 alignfull uagb-is-root-container\"><div class=\"uagb-container-inner-blocks-wrap\">\n<div class=\"wp-block-uagb-container uagb-block-c4188e47\">\n<figure class=\"wp-block-image aligncenter size-large is-resized has-custom-border astrarius-solutions\"><a href=\"https:\/\/astraius.com\/texte-image\"><img loading=\"lazy\" decoding=\"async\" width=\"683\" height=\"1024\" src=\"https:\/\/astrarius.com\/wp-content\/uploads\/2026\/01\/86F793DA-36BA-432F-A89B-F1648E126CFE-683x1024.png\" alt=\"86f793da 36ba 432f a89b f1648e126cfe\" class=\"wp-image-910\" style=\"border-top-left-radius:32px;border-top-right-radius:32px;border-bottom-left-radius:32px;border-bottom-right-radius:32px;object-fit:cover;width:310px;height:310px\" title=\"Astrarius Solutions\" srcset=\"https:\/\/astrarius.com\/wp-content\/uploads\/2026\/01\/86F793DA-36BA-432F-A89B-F1648E126CFE-683x1024.png 683w, https:\/\/astrarius.com\/wp-content\/uploads\/2026\/01\/86F793DA-36BA-432F-A89B-F1648E126CFE-200x300.png 200w, https:\/\/astrarius.com\/wp-content\/uploads\/2026\/01\/86F793DA-36BA-432F-A89B-F1648E126CFE-768x1152.png 768w, https:\/\/astrarius.com\/wp-content\/uploads\/2026\/01\/86F793DA-36BA-432F-A89B-F1648E126CFE-8x12.png 8w, https:\/\/astrarius.com\/wp-content\/uploads\/2026\/01\/86F793DA-36BA-432F-A89B-F1648E126CFE.png 1024w\" sizes=\"auto, (max-width: 683px) 100vw, 683px\" \/><\/a><\/figure>\n\n\n\n<div class=\"wp-block-uagb-advanced-heading uagb-block-c1fba6af\"><h4 class=\"uagb-heading-text\">G\u00e9n\u00e9ration d&rsquo;images Ia \u00e0 partir de texte<\/h4><\/div>\n<\/div>\n\n\n\n<div class=\"wp-block-uagb-container uagb-block-5aca5ed3\">\n<div class=\"wp-block-uagb-advanced-heading uagb-block-24a79277\"><h6 class=\"uagb-heading-text\">Cr\u00e9ez instantan\u00e9ment des visuels r\u00e9alistes \u00e0 partir d&rsquo;une simple descriptions, sans comp\u00e9tences graphiques.<\/h6><div class=\"uagb-separator\"><\/div><\/div>\n\n\n\n<div class=\"wp-block-uagb-separator uagb-block-890531dc\"><div class=\"wp-block-uagb-separator__inner\" style=\"--my-background-image:\"><\/div><\/div>\n\n\n\n<figure class=\"wp-block-image aligncenter size-large is-resized has-custom-border astrarius-solutions\"><a href=\"https:\/\/ai-deco.astrarius.com\/\"><img loading=\"lazy\" decoding=\"async\" width=\"683\" height=\"1024\" src=\"https:\/\/astrarius.com\/wp-content\/uploads\/2026\/01\/72CA7E76-0D68-4124-85FD-C1D373BD009B-683x1024.png\" alt=\"72ca7e76 0d68 4124 85fd c1d373bd009b\" class=\"wp-image-909\" style=\"border-top-left-radius:32px;border-top-right-radius:32px;border-bottom-left-radius:32px;border-bottom-right-radius:32px;object-fit:cover;width:310px;height:310px\" title=\"Astrarius Solutions\" srcset=\"https:\/\/astrarius.com\/wp-content\/uploads\/2026\/01\/72CA7E76-0D68-4124-85FD-C1D373BD009B-683x1024.png 683w, https:\/\/astrarius.com\/wp-content\/uploads\/2026\/01\/72CA7E76-0D68-4124-85FD-C1D373BD009B-200x300.png 200w, https:\/\/astrarius.com\/wp-content\/uploads\/2026\/01\/72CA7E76-0D68-4124-85FD-C1D373BD009B-768x1152.png 768w, https:\/\/astrarius.com\/wp-content\/uploads\/2026\/01\/72CA7E76-0D68-4124-85FD-C1D373BD009B-8x12.png 8w, https:\/\/astrarius.com\/wp-content\/uploads\/2026\/01\/72CA7E76-0D68-4124-85FD-C1D373BD009B.png 1024w\" sizes=\"auto, (max-width: 683px) 100vw, 683px\" \/><\/a><\/figure>\n\n\n\n<div class=\"wp-block-uagb-advanced-heading uagb-block-0fa6ebfa\"><h4 class=\"uagb-heading-text\">Projections d\u00e9coratives IA pour valoriser un bien sans travaux.<\/h4><\/div>\n\n\n\n<div class=\"wp-block-uagb-advanced-heading uagb-block-aecaa69e\"><h6 class=\"uagb-heading-text\">Valorisez vos biens avec des visuels et vid\u00e9os immersives g\u00e9n\u00e9r\u00e9s par l&rsquo;IA.<\/h6><div class=\"uagb-separator\"><\/div><\/div>\n<\/div>\n\n\n\n<div class=\"wp-block-uagb-container uagb-block-fd8fe10d\">\n<div class=\"wp-block-uagb-separator uagb-block-16c10db9\"><div class=\"wp-block-uagb-separator__inner\" style=\"--my-background-image:\"><\/div><\/div>\n\n\n\n<figure class=\"wp-block-image aligncenter size-large is-resized has-custom-border astrarius-solutions\"><a href=\"https:\/\/ai-deco.astrarius.com\/presentation-agent-ia\/\"><img loading=\"lazy\" decoding=\"async\" width=\"683\" height=\"1024\" src=\"https:\/\/astrarius.com\/wp-content\/uploads\/2026\/01\/328A3167-875E-4C80-9626-440BD46A158F-683x1024.png\" alt=\"328a3167 875e 4c80 9626 440bd46a158f\" class=\"wp-image-911\" style=\"border-top-left-radius:32px;border-top-right-radius:32px;border-bottom-left-radius:32px;border-bottom-right-radius:32px;aspect-ratio:1;object-fit:cover;width:310px;height:auto\" title=\"Astrarius Solutions\" srcset=\"https:\/\/astrarius.com\/wp-content\/uploads\/2026\/01\/328A3167-875E-4C80-9626-440BD46A158F-683x1024.png 683w, https:\/\/astrarius.com\/wp-content\/uploads\/2026\/01\/328A3167-875E-4C80-9626-440BD46A158F-200x300.png 200w, https:\/\/astrarius.com\/wp-content\/uploads\/2026\/01\/328A3167-875E-4C80-9626-440BD46A158F-768x1152.png 768w, https:\/\/astrarius.com\/wp-content\/uploads\/2026\/01\/328A3167-875E-4C80-9626-440BD46A158F-8x12.png 8w, https:\/\/astrarius.com\/wp-content\/uploads\/2026\/01\/328A3167-875E-4C80-9626-440BD46A158F.png 1024w\" sizes=\"auto, (max-width: 683px) 100vw, 683px\" \/><\/a><\/figure>\n\n\n\n<div class=\"wp-block-uagb-advanced-heading uagb-block-10ef21d2\"><h4 class=\"uagb-heading-text\">Assistant IA pour les agents immobiliers<\/h4><\/div>\n<\/div>\n<\/div><\/div>\n\n\n\n<div class=\"wp-block-uagb-container uagb-block-26c71c97 alignfull uagb-is-root-container\"><div class=\"uagb-container-inner-blocks-wrap\">\n<div class=\"wp-block-uagb-container uagb-block-2e569a19\">\n<div class=\"wp-block-uagb-advanced-heading uagb-block-fb400c18\"><h6 class=\"uagb-heading-text\">AUtomatisez vos t\u00e2ches (annonces, relances&#8230;), gagnez du temps et concentrez-vous sur la vente et la relation client.<\/h6><div class=\"uagb-separator\"><\/div><\/div>\n<\/div>\n<\/div><\/div>\n\n\n\n<p><\/p>","protected":false},"excerpt":{"rendered":"<p>Nos solutions pour AGENCES IMMOBILI\u00e8RES G\u00e9n\u00e9ration d&rsquo;images Ia \u00e0 partir de texte Cr\u00e9ez instantan\u00e9ment des visuels r\u00e9alistes \u00e0 partir d&rsquo;une [&hellip;]<\/p>","protected":false},"author":1,"featured_media":0,"parent":0,"menu_order":0,"comment_status":"closed","ping_status":"closed","template":"","meta":{"_uag_custom_page_level_css":"","site-sidebar-layout":"default","site-content-layout":"","ast-site-content-layout":"default","site-content-style":"default","site-sidebar-style":"default","ast-global-header-display":"","ast-banner-title-visibility":"","ast-main-header-display":"","ast-hfb-above-header-display":"","ast-hfb-below-header-display":"","ast-hfb-mobile-header-display":"","site-post-title":"disabled","ast-breadcrumbs-content":"","ast-featured-img":"","footer-sml-layout":"","theme-transparent-header-meta":"","adv-header-id-meta":"","stick-header-meta":"","header-above-stick-meta":"","header-main-stick-meta":"","header-below-stick-meta":"","astra-migrate-meta-layouts":"default","ast-page-background-enabled":"default","ast-page-background-meta":{"desktop":{"background-color":"var(--ast-global-color-4)","background-image":"","background-repeat":"repeat","background-position":"center center","background-size":"auto","background-attachment":"scroll","background-type":"","background-media":"","overlay-type":"","overlay-color":"","overlay-opacity":"","overlay-gradient":""},"tablet":{"background-color":"","background-image":"","background-repeat":"repeat","background-position":"center center","background-size":"auto","background-attachment":"scroll","background-type":"","background-media":"","overlay-type":"","overlay-color":"","overlay-opacity":"","overlay-gradient":""},"mobile":{"background-color":"","background-image":"","background-repeat":"repeat","background-position":"center center","background-size":"auto","background-attachment":"scroll","background-type":"","background-media":"","overlay-type":"","overlay-color":"","overlay-opacity":"","overlay-gradient":""}},"ast-content-background-meta":{"desktop":{"background-color":"var(--ast-global-color-5)","background-image":"","background-repeat":"repeat","background-position":"center center","background-size":"auto","background-attachment":"scroll","background-type":"","background-media":"","overlay-type":"","overlay-color":"","overlay-opacity":"","overlay-gradient":""},"tablet":{"background-color":"var(--ast-global-color-5)","background-image":"","background-repeat":"repeat","background-position":"center center","background-size":"auto","background-attachment":"scroll","background-type":"","background-media":"","overlay-type":"","overlay-color":"","overlay-opacity":"","overlay-gradient":""},"mobile":{"background-color":"var(--ast-global-color-5)","background-image":"","background-repeat":"repeat","background-position":"center center","background-size":"auto","background-attachment":"scroll","background-type":"","background-media":"","overlay-type":"","overlay-color":"","overlay-opacity":"","overlay-gradient":""}},"footnotes":""},"class_list":["post-888","page","type-page","status-publish","hentry"],"yoast_head":"<!-- This site is optimized with the Yoast SEO plugin v26.4 - https:\/\/yoast.com\/wordpress\/plugins\/seo\/ -->\n<title>Astrarius Solutions - AI Generator<\/title>\n<meta name=\"description\" content=\"D\u00e9couvrez les g\u00e9n\u00e9rateurs IA pour agence IMMObili\u00e8res et am\u00e9liorez vos processus de vente avec la technologie moderne.\" \/>\n<meta name=\"robots\" content=\"index, follow, max-snippet:-1, max-image-preview:large, max-video-preview:-1\" \/>\n<link rel=\"canonical\" href=\"https:\/\/astrarius.com\/en\/\" \/>\n<meta property=\"og:locale\" content=\"en_US\" \/>\n<meta property=\"og:type\" content=\"article\" \/>\n<meta property=\"og:title\" content=\"Astrarius Solutions - AI Generator\" \/>\n<meta property=\"og:description\" content=\"D\u00e9couvrez les g\u00e9n\u00e9rateurs IA pour agence IMMObili\u00e8res et am\u00e9liorez vos processus de vente avec la technologie moderne.\" \/>\n<meta property=\"og:url\" content=\"https:\/\/astrarius.com\/en\/\" \/>\n<meta property=\"og:site_name\" content=\"AI Generator\" \/>\n<meta property=\"article:modified_time\" content=\"2026-03-02T13:50:31+00:00\" \/>\n<meta property=\"og:image\" content=\"https:\/\/astrarius.com\/wp-content\/uploads\/2026\/01\/2ED38FA8-126E-4099-A945-02203CB54D64.png\" \/>\n\t<meta property=\"og:image:width\" content=\"1536\" \/>\n\t<meta property=\"og:image:height\" content=\"1024\" \/>\n\t<meta property=\"og:image:type\" content=\"image\/png\" \/>\n<meta name=\"twitter:card\" content=\"summary_large_image\" \/>\n<meta name=\"twitter:label1\" content=\"Est. reading time\" \/>\n\t<meta name=\"twitter:data1\" content=\"2 minutes\" \/>\n<script type=\"application\/ld+json\" class=\"yoast-schema-graph\">{\"@context\":\"https:\/\/schema.org\",\"@graph\":[{\"@type\":\"WebPage\",\"@id\":\"https:\/\/astrarius.com\/\",\"url\":\"https:\/\/astrarius.com\/\",\"name\":\"Astrarius Solutions - AI Generator\",\"isPartOf\":{\"@id\":\"https:\/\/astrarius.com\/#website\"},\"primaryImageOfPage\":{\"@id\":\"https:\/\/astrarius.com\/#primaryimage\"},\"image\":{\"@id\":\"https:\/\/astrarius.com\/#primaryimage\"},\"thumbnailUrl\":\"https:\/\/astrarius.com\/wp-content\/uploads\/2026\/01\/2ED38FA8-126E-4099-A945-02203CB54D64-1024x683.png\",\"datePublished\":\"2026-01-27T16:11:18+00:00\",\"dateModified\":\"2026-03-02T13:50:31+00:00\",\"description\":\"D\u00e9couvrez les g\u00e9n\u00e9rateurs IA pour agence IMMObili\u00e8res et am\u00e9liorez vos processus de vente avec la technologie moderne.\",\"breadcrumb\":{\"@id\":\"https:\/\/astrarius.com\/#breadcrumb\"},\"inLanguage\":\"en-US\",\"potentialAction\":[{\"@type\":\"ReadAction\",\"target\":[\"https:\/\/astrarius.com\/\"]}]},{\"@type\":\"ImageObject\",\"inLanguage\":\"en-US\",\"@id\":\"https:\/\/astrarius.com\/#primaryimage\",\"url\":\"https:\/\/astrarius.com\/wp-content\/uploads\/2026\/01\/2ED38FA8-126E-4099-A945-02203CB54D64-1024x683.png\",\"contentUrl\":\"https:\/\/astrarius.com\/wp-content\/uploads\/2026\/01\/2ED38FA8-126E-4099-A945-02203CB54D64-1024x683.png\"},{\"@type\":\"BreadcrumbList\",\"@id\":\"https:\/\/astrarius.com\/#breadcrumb\",\"itemListElement\":[{\"@type\":\"ListItem\",\"position\":1,\"name\":\"Accueil\",\"item\":\"https:\/\/astrarius.com\/\"},{\"@type\":\"ListItem\",\"position\":2,\"name\":\"Astrarius Solutions\"}]},{\"@type\":\"WebSite\",\"@id\":\"https:\/\/astrarius.com\/#website\",\"url\":\"https:\/\/astrarius.com\/\",\"name\":\"AI Generator Astrarius\",\"description\":\"Beyond your dreams...\",\"publisher\":{\"@id\":\"https:\/\/astrarius.com\/#organization\"},\"potentialAction\":[{\"@type\":\"SearchAction\",\"target\":{\"@type\":\"EntryPoint\",\"urlTemplate\":\"https:\/\/astrarius.com\/?s={search_term_string}\"},\"query-input\":{\"@type\":\"PropertyValueSpecification\",\"valueRequired\":true,\"valueName\":\"search_term_string\"}}],\"inLanguage\":\"en-US\"},{\"@type\":\"Organization\",\"@id\":\"https:\/\/astrarius.com\/#organization\",\"name\":\"Astrarius\",\"url\":\"https:\/\/astrarius.com\/\",\"logo\":{\"@type\":\"ImageObject\",\"inLanguage\":\"en-US\",\"@id\":\"https:\/\/astrarius.com\/#\/schema\/logo\/image\/\",\"url\":\"https:\/\/astrarius.com\/wp-content\/uploads\/2025\/10\/cropped-IMG_4178-e1759410073519.jpg\",\"contentUrl\":\"https:\/\/astrarius.com\/wp-content\/uploads\/2025\/10\/cropped-IMG_4178-e1759410073519.jpg\",\"width\":1281,\"height\":1280,\"caption\":\"Astrarius\"},\"image\":{\"@id\":\"https:\/\/astrarius.com\/#\/schema\/logo\/image\/\"}}]}<\/script>\n<!-- \/ Yoast SEO plugin. -->","yoast_head_json":{"title":"Astrarius Solutions - AI Generator","description":"D\u00e9couvrez les g\u00e9n\u00e9rateurs IA pour agence IMMObili\u00e8res et am\u00e9liorez vos processus de vente avec la technologie moderne.","robots":{"index":"index","follow":"follow","max-snippet":"max-snippet:-1","max-image-preview":"max-image-preview:large","max-video-preview":"max-video-preview:-1"},"canonical":"https:\/\/astrarius.com\/en\/","og_locale":"en_US","og_type":"article","og_title":"Astrarius Solutions - AI Generator","og_description":"D\u00e9couvrez les g\u00e9n\u00e9rateurs IA pour agence IMMObili\u00e8res et am\u00e9liorez vos processus de vente avec la technologie moderne.","og_url":"https:\/\/astrarius.com\/en\/","og_site_name":"AI Generator","article_modified_time":"2026-03-02T13:50:31+00:00","og_image":[{"width":1536,"height":1024,"url":"https:\/\/astrarius.com\/wp-content\/uploads\/2026\/01\/2ED38FA8-126E-4099-A945-02203CB54D64.png","type":"image\/png"}],"twitter_card":"summary_large_image","twitter_misc":{"Est. reading time":"2 minutes"},"schema":{"@context":"https:\/\/schema.org","@graph":[{"@type":"WebPage","@id":"https:\/\/astrarius.com\/","url":"https:\/\/astrarius.com\/","name":"Astrarius Solutions - AI Generator","isPartOf":{"@id":"https:\/\/astrarius.com\/#website"},"primaryImageOfPage":{"@id":"https:\/\/astrarius.com\/#primaryimage"},"image":{"@id":"https:\/\/astrarius.com\/#primaryimage"},"thumbnailUrl":"https:\/\/astrarius.com\/wp-content\/uploads\/2026\/01\/2ED38FA8-126E-4099-A945-02203CB54D64-1024x683.png","datePublished":"2026-01-27T16:11:18+00:00","dateModified":"2026-03-02T13:50:31+00:00","description":"D\u00e9couvrez les g\u00e9n\u00e9rateurs IA pour agence IMMObili\u00e8res et am\u00e9liorez vos processus de vente avec la technologie moderne.","breadcrumb":{"@id":"https:\/\/astrarius.com\/#breadcrumb"},"inLanguage":"en-US","potentialAction":[{"@type":"ReadAction","target":["https:\/\/astrarius.com\/"]}]},{"@type":"ImageObject","inLanguage":"en-US","@id":"https:\/\/astrarius.com\/#primaryimage","url":"https:\/\/astrarius.com\/wp-content\/uploads\/2026\/01\/2ED38FA8-126E-4099-A945-02203CB54D64-1024x683.png","contentUrl":"https:\/\/astrarius.com\/wp-content\/uploads\/2026\/01\/2ED38FA8-126E-4099-A945-02203CB54D64-1024x683.png"},{"@type":"BreadcrumbList","@id":"https:\/\/astrarius.com\/#breadcrumb","itemListElement":[{"@type":"ListItem","position":1,"name":"Accueil","item":"https:\/\/astrarius.com\/"},{"@type":"ListItem","position":2,"name":"Astrarius Solutions"}]},{"@type":"WebSite","@id":"https:\/\/astrarius.com\/#website","url":"https:\/\/astrarius.com\/","name":"AI Generator Astrarius","description":"Beyond your dreams...","publisher":{"@id":"https:\/\/astrarius.com\/#organization"},"potentialAction":[{"@type":"SearchAction","target":{"@type":"EntryPoint","urlTemplate":"https:\/\/astrarius.com\/?s={search_term_string}"},"query-input":{"@type":"PropertyValueSpecification","valueRequired":true,"valueName":"search_term_string"}}],"inLanguage":"en-US"},{"@type":"Organization","@id":"https:\/\/astrarius.com\/#organization","name":"Astrarius","url":"https:\/\/astrarius.com\/","logo":{"@type":"ImageObject","inLanguage":"en-US","@id":"https:\/\/astrarius.com\/#\/schema\/logo\/image\/","url":"https:\/\/astrarius.com\/wp-content\/uploads\/2025\/10\/cropped-IMG_4178-e1759410073519.jpg","contentUrl":"https:\/\/astrarius.com\/wp-content\/uploads\/2025\/10\/cropped-IMG_4178-e1759410073519.jpg","width":1281,"height":1280,"caption":"Astrarius"},"image":{"@id":"https:\/\/astrarius.com\/#\/schema\/logo\/image\/"}}]}},"uagb_featured_image_src":{"full":false,"thumbnail":false,"medium":false,"medium_large":false,"large":false,"1536x1536":false,"2048x2048":false,"trp-custom-language-flag":false},"uagb_author_info":{"display_name":"aiduchh1001","author_link":"https:\/\/astrarius.com\/en\/author\/aiduchh1001\/"},"uagb_comment_info":0,"uagb_excerpt":"Nos solutions pour AGENCES IMMOBILI\u00e8RES G\u00e9n\u00e9ration d&rsquo;images Ia \u00e0 partir de texte Cr\u00e9ez instantan\u00e9ment des visuels r\u00e9alistes \u00e0 partir d&rsquo;une [&hellip;]","_links":{"self":[{"href":"https:\/\/astrarius.com\/en\/wp-json\/wp\/v2\/pages\/888","targetHints":{"allow":["GET"]}}],"collection":[{"href":"https:\/\/astrarius.com\/en\/wp-json\/wp\/v2\/pages"}],"about":[{"href":"https:\/\/astrarius.com\/en\/wp-json\/wp\/v2\/types\/page"}],"author":[{"embeddable":true,"href":"https:\/\/astrarius.com\/en\/wp-json\/wp\/v2\/users\/1"}],"replies":[{"embeddable":true,"href":"https:\/\/astrarius.com\/en\/wp-json\/wp\/v2\/comments?post=888"}],"version-history":[{"count":37,"href":"https:\/\/astrarius.com\/en\/wp-json\/wp\/v2\/pages\/888\/revisions"}],"predecessor-version":[{"id":978,"href":"https:\/\/astrarius.com\/en\/wp-json\/wp\/v2\/pages\/888\/revisions\/978"}],"wp:attachment":[{"href":"https:\/\/astrarius.com\/en\/wp-json\/wp\/v2\/media?parent=888"}],"curies":[{"name":"wp","href":"https:\/\/api.w.org\/{rel}","templated":true}]}}